{"id":12,"date":"2015-11-19T18:56:02","date_gmt":"2015-11-19T17:56:02","guid":{"rendered":"http:\/\/www.schuetzenverein-mariazell.net\/?page_id=12"},"modified":"2017-11-22T21:19:15","modified_gmt":"2017-11-22T20:19:15","slug":"vereinslokal","status":"publish","type":"page","link":"https:\/\/www.schuetzenverein-mariazell.net\/?page_id=12","title":{"rendered":"Vereinslokal"},"content":{"rendered":"<p style=\"text-align: center;\"><strong>Unser gem\u00fctliches Vereinslokal <\/strong> &nbsp; <strong>Im Aufenthaltsraum&nbsp;wird die Anmeldung <\/strong> <strong>und die Auswertung durchgef\u00fchrt, <\/strong> <strong>daneben gibt es rege Ergebnisdiskussionen<\/strong> <strong>und Erfahrungstausch.<\/strong><\/p>\n<p style=\"text-align: center;\"><a href=\"https:\/\/www.schuetzenverein-mariazell.net\/wp-content\/uploads\/2015\/11\/Gem\u00fctlich-beisammen20160186.jpg\"><img loading=\"lazy\" decoding=\"async\" class=\"alignnone size-medium wp-image-1097\" src=\"https:\/\/www.schuetzenverein-mariazell.net\/wp-content\/uploads\/2015\/11\/Gem\u00fctlich-beisammen20160186-300x200.jpg\" alt=\"Gem\u00fctlich beisammen20160186\" width=\"300\" height=\"200\" srcset=\"https:\/\/www.schuetzenverein-mariazell.net\/wp-content\/uploads\/2015\/11\/Gem\u00fctlich-beisammen20160186-300x200.jpg 300w, https:\/\/www.schuetzenverein-mariazell.net\/wp-content\/uploads\/2015\/11\/Gem\u00fctlich-beisammen20160186-768x512.jpg 768w, https:\/\/www.schuetzenverein-mariazell.net\/wp-content\/uploads\/2015\/11\/Gem\u00fctlich-beisammen20160186-1024x683.jpg 1024w, https:\/\/www.schuetzenverein-mariazell.net\/wp-content\/uploads\/2015\/11\/Gem\u00fctlich-beisammen20160186.jpg 1732w\" sizes=\"(max-width: 300px) 100vw, 300px\" \/><\/a> <a href=\"https:\/\/www.schuetzenverein-mariazell.net\/wp-content\/uploads\/2015\/11\/Gem\u00fctlich-beisammen20160185.jpg\"><img loading=\"lazy\" decoding=\"async\" class=\"alignnone size-medium wp-image-1099\" src=\"https:\/\/www.schuetzenverein-mariazell.net\/wp-content\/uploads\/2015\/11\/Gem\u00fctlich-beisammen20160185-300x200.jpg\" alt=\"Gem\u00fctlich beisammen20160185\" width=\"300\" height=\"200\" srcset=\"https:\/\/www.schuetzenverein-mariazell.net\/wp-content\/uploads\/2015\/11\/Gem\u00fctlich-beisammen20160185-300x200.jpg 300w, https:\/\/www.schuetzenverein-mariazell.net\/wp-content\/uploads\/2015\/11\/Gem\u00fctlich-beisammen20160185-768x512.jpg 768w, https:\/\/www.schuetzenverein-mariazell.net\/wp-content\/uploads\/2015\/11\/Gem\u00fctlich-beisammen20160185-1024x683.jpg 1024w, https:\/\/www.schuetzenverein-mariazell.net\/wp-content\/uploads\/2015\/11\/Gem\u00fctlich-beisammen20160185.jpg 1731w\" sizes=\"(max-width: 300px) 100vw, 300px\" \/><\/a><\/p>\n<p style=\"text-align: center;\"><strong>Im Schie\u00dfraum geht es &#8222;hochkonzentriert&#8220; darum,<\/strong> <strong>besser zu sein als die anderen!<\/strong><\/p>\n<p style=\"text-align: center;\"><a href=\"https:\/\/www.schuetzenverein-mariazell.net\/wp-content\/uploads\/2015\/11\/Gem\u00fctlich-beisammen20164101.jpg\"><img loading=\"lazy\" decoding=\"async\" class=\"alignnone size-medium wp-image-1098\" src=\"https:\/\/www.schuetzenverein-mariazell.net\/wp-content\/uploads\/2015\/11\/Gem\u00fctlich-beisammen20164101-300x199.jpg\" alt=\"Gem\u00fctlich beisammen20164101\" width=\"300\" height=\"199\" srcset=\"https:\/\/www.schuetzenverein-mariazell.net\/wp-content\/uploads\/2015\/11\/Gem\u00fctlich-beisammen20164101-300x199.jpg 300w, https:\/\/www.schuetzenverein-mariazell.net\/wp-content\/uploads\/2015\/11\/Gem\u00fctlich-beisammen20164101-768x508.jpg 768w, https:\/\/www.schuetzenverein-mariazell.net\/wp-content\/uploads\/2015\/11\/Gem\u00fctlich-beisammen20164101-1024x678.jpg 1024w, https:\/\/www.schuetzenverein-mariazell.net\/wp-content\/uploads\/2015\/11\/Gem\u00fctlich-beisammen20164101.jpg 1737w\" sizes=\"(max-width: 300px) 100vw, 300px\" \/><\/a><\/p>\n<p style=\"text-align: center;\"><strong>Der Schie\u00dfsaal dient jedoch auch als<\/strong> <strong>Veranstaltungssaal f\u00fcr&nbsp;Siegerehrungen,&nbsp;<\/strong> <strong>Vereinsversammlungen u. dgl.<\/strong> <strong>sowie auch&nbsp;als Festsaal <\/strong> <strong>f\u00fcr Geburtstagsfeiern und \u00e4hnlichem <\/strong> <strong>von Vereinsmitgliedern&nbsp;<\/strong><\/p>\n","protected":false},"excerpt":{"rendered":"<p>Unser gem\u00fctliches Vereinslokal &nbsp; Im Aufenthaltsraum&nbsp;wird die Anmeldung und die Auswertung durchgef\u00fchrt, daneben gibt es rege Ergebnisdiskussionen und Erfahrungstausch. Im Schie\u00dfraum geht es &#8222;hochkonzentriert&#8220; darum, besser zu sein als die anderen! Der Schie\u00dfsaal dient jedoch auch als Veranstaltungssaal f\u00fcr&nbsp;Siegerehrungen,&nbsp; Vereinsversammlungen u. dgl. sowie auch&nbsp;als Festsaal f\u00fcr Geburtstagsfeiern und \u00e4hnlichem von Vereinsmitgliedern&nbsp;<\/p>\n","protected":false},"author":1,"featured_media":0,"parent":0,"menu_order":0,"comment_status":"closed","ping_status":"closed","template":"","meta":{"ngg_post_thumbnail":0,"footnotes":""},"_links":{"self":[{"href":"https:\/\/www.schuetzenverein-mariazell.net\/index.php?rest_route=\/wp\/v2\/pages\/12"}],"collection":[{"href":"https:\/\/www.schuetzenverein-mariazell.net\/index.php?rest_route=\/wp\/v2\/pages"}],"about":[{"href":"https:\/\/www.schuetzenverein-mariazell.net\/index.php?rest_route=\/wp\/v2\/types\/page"}],"author":[{"embeddable":true,"href":"https:\/\/www.schuetzenverein-mariazell.net\/index.php?rest_route=\/wp\/v2\/users\/1"}],"replies":[{"embeddable":true,"href":"https:\/\/www.schuetzenverein-mariazell.net\/index.php?rest_route=%2Fwp%2Fv2%2Fcomments&post=12"}],"version-history":[{"count":4,"href":"https:\/\/www.schuetzenverein-mariazell.net\/index.php?rest_route=\/wp\/v2\/pages\/12\/revisions"}],"predecessor-version":[{"id":1289,"href":"https:\/\/www.schuetzenverein-mariazell.net\/index.php?rest_route=\/wp\/v2\/pages\/12\/revisions\/1289"}],"wp:attachment":[{"href":"https:\/\/www.schuetzenverein-mariazell.net\/index.php?rest_route=%2Fwp%2Fv2%2Fmedia&parent=12"}],"curies":[{"name":"wp","href":"https:\/\/api.w.org\/{rel}","templated":true}]}}