{"id":2066,"date":"2024-09-02T15:53:32","date_gmt":"2024-09-02T13:53:32","guid":{"rendered":"https:\/\/www.schuetzenverein-mariazell.net\/?page_id=2066"},"modified":"2024-09-02T15:53:32","modified_gmt":"2024-09-02T13:53:32","slug":"kontakt","status":"publish","type":"page","link":"https:\/\/www.schuetzenverein-mariazell.net\/?page_id=2066","title":{"rendered":"Kontakt"},"content":{"rendered":"<p><strong>Kontakt zum Sch\u00fctzenverein<\/strong><\/p>\n<p>&nbsp;<\/p>\n<p><strong>E-Mail: <\/strong><\/p>\n<p>psgmariazell@gmail.com<\/p>\n<p><strong>Obersch\u00fctzenmeisterin:<\/strong>&nbsp; &nbsp;<\/p>\n<p>Brigitta Hollerer<\/p>\n<p>Tel. 0664 6501896<\/p>\n<p><strong>Sch\u00fctzenmeister:<\/strong>&nbsp; &nbsp;<\/p>\n<p>Josef Leodolter<\/p>\n<p>Tel. 0660 4150984<\/p>\n","protected":false},"excerpt":{"rendered":"<p>Kontakt zum Sch\u00fctzenverein &nbsp; E-Mail: psgmariazell@gmail.com Obersch\u00fctzenmeisterin:&nbsp; &nbsp; Brigitta Hollerer Tel. 0664 6501896 Sch\u00fctzenmeister:&nbsp; &nbsp; Josef Leodolter Tel. 0660 4150984<\/p>\n","protected":false},"author":1,"featured_media":0,"parent":0,"menu_order":0,"comment_status":"closed","ping_status":"closed","template":"","meta":{"ngg_post_thumbnail":0,"footnotes":""},"_links":{"self":[{"href":"https:\/\/www.schuetzenverein-mariazell.net\/index.php?rest_route=\/wp\/v2\/pages\/2066"}],"collection":[{"href":"https:\/\/www.schuetzenverein-mariazell.net\/index.php?rest_route=\/wp\/v2\/pages"}],"about":[{"href":"https:\/\/www.schuetzenverein-mariazell.net\/index.php?rest_route=\/wp\/v2\/types\/page"}],"author":[{"embeddable":true,"href":"https:\/\/www.schuetzenverein-mariazell.net\/index.php?rest_route=\/wp\/v2\/users\/1"}],"replies":[{"embeddable":true,"href":"https:\/\/www.schuetzenverein-mariazell.net\/index.php?rest_route=%2Fwp%2Fv2%2Fcomments&post=2066"}],"version-history":[{"count":5,"href":"https:\/\/www.schuetzenverein-mariazell.net\/index.php?rest_route=\/wp\/v2\/pages\/2066\/revisions"}],"predecessor-version":[{"id":2071,"href":"https:\/\/www.schuetzenverein-mariazell.net\/index.php?rest_route=\/wp\/v2\/pages\/2066\/revisions\/2071"}],"wp:attachment":[{"href":"https:\/\/www.schuetzenverein-mariazell.net\/index.php?rest_route=%2Fwp%2Fv2%2Fmedia&parent=2066"}],"curies":[{"name":"wp","href":"https:\/\/api.w.org\/{rel}","templated":true}]}}