{"id":641,"date":"2015-12-12T10:28:05","date_gmt":"2015-12-12T09:28:05","guid":{"rendered":"http:\/\/www.schuetzenverein-mariazell.net\/?page_id=641"},"modified":"2016-03-06T15:58:41","modified_gmt":"2016-03-06T14:58:41","slug":"links","status":"publish","type":"page","link":"https:\/\/www.schuetzenverein-mariazell.net\/?page_id=641","title":{"rendered":"Links"},"content":{"rendered":"<p style=\"text-align: center;\"><a href=\"https:\/\/www.schuetzenverein-mariazell.net\/wp-content\/uploads\/2015\/12\/st-lsb.png\" rel=\"attachment wp-att-648\"><img loading=\"lazy\" decoding=\"async\" class=\"size-full wp-image-648 aligncenter\" src=\"https:\/\/www.schuetzenverein-mariazell.net\/wp-content\/uploads\/2015\/12\/st-lsb.png\" alt=\"st lsb\" width=\"120\" height=\"122\" \/><\/a><\/p>\n<p style=\"text-align: center;\"><a href=\"http:\/\/www.st-lsb.at\/\" target=\"_blank\">Steierm\u00e4rkischer Landessch\u00fctzenbund<\/a><\/p>\n<p style=\"text-align: center;\"><a href=\"https:\/\/www.schuetzenverein-mariazell.net\/wp-content\/uploads\/2015\/12\/sb_logo_kopfzeile.jpg\" rel=\"attachment wp-att-646\"><img loading=\"lazy\" decoding=\"async\" class=\"wp-image-646 aligncenter\" src=\"https:\/\/www.schuetzenverein-mariazell.net\/wp-content\/uploads\/2015\/12\/sb_logo_kopfzeile.jpg\" alt=\"Logo_Adler\" width=\"118\" height=\"120\" \/><\/a><a href=\"http:\/\/www.schuetzenbund.at\/oesb\/\" target=\"_blank\">\u00d6sterr. Sch\u00fctzenbund<\/a><\/p>\n<p style=\"text-align: center;\"><a href=\"https:\/\/www.schuetzenverein-mariazell.net\/wp-content\/uploads\/2015\/11\/ASV\u00d6.png\" rel=\"attachment wp-att-248\"><img loading=\"lazy\" decoding=\"async\" class=\"alignnone wp-image-248\" src=\"https:\/\/www.schuetzenverein-mariazell.net\/wp-content\/uploads\/2015\/11\/ASV\u00d6-300x100.png\" alt=\"ASV\u00d6\" width=\"213\" height=\"71\" srcset=\"https:\/\/www.schuetzenverein-mariazell.net\/wp-content\/uploads\/2015\/11\/ASV\u00d6-300x100.png 300w, https:\/\/www.schuetzenverein-mariazell.net\/wp-content\/uploads\/2015\/11\/ASV\u00d6.png 400w\" sizes=\"(max-width: 213px) 100vw, 213px\" \/><\/a><\/p>\n<p style=\"text-align: center;\"><a href=\"http:\/\/www.asvoe.at\/de\" target=\"_blank\">ASV\u00d6<\/a><\/p>\n<p style=\"text-align: center;\"><a href=\"https:\/\/www.schuetzenverein-mariazell.net\/wp-content\/uploads\/2015\/12\/Unbenannt.png\" rel=\"attachment wp-att-1072\"><img loading=\"lazy\" decoding=\"async\" class=\"alignnone size-medium wp-image-1072\" src=\"https:\/\/www.schuetzenverein-mariazell.net\/wp-content\/uploads\/2015\/12\/Unbenannt-300x97.png\" alt=\"Unbenannt\" width=\"300\" height=\"97\" \/><\/a><\/p>\n<p style=\"text-align: center;\">\n<p style=\"text-align: center;\"><a href=\"http:\/\/www.fotopeho.photography\/\" target=\"_blank\">fotopeho<\/a><\/p>\n","protected":false},"excerpt":{"rendered":"<p>Steierm\u00e4rkischer Landessch\u00fctzenbund \u00d6sterr. Sch\u00fctzenbund ASV\u00d6 fotopeho<\/p>\n","protected":false},"author":1,"featured_media":0,"parent":0,"menu_order":0,"comment_status":"closed","ping_status":"closed","template":"","meta":{"ngg_post_thumbnail":0,"footnotes":""},"_links":{"self":[{"href":"https:\/\/www.schuetzenverein-mariazell.net\/index.php?rest_route=\/wp\/v2\/pages\/641"}],"collection":[{"href":"https:\/\/www.schuetzenverein-mariazell.net\/index.php?rest_route=\/wp\/v2\/pages"}],"about":[{"href":"https:\/\/www.schuetzenverein-mariazell.net\/index.php?rest_route=\/wp\/v2\/types\/page"}],"author":[{"embeddable":true,"href":"https:\/\/www.schuetzenverein-mariazell.net\/index.php?rest_route=\/wp\/v2\/users\/1"}],"replies":[{"embeddable":true,"href":"https:\/\/www.schuetzenverein-mariazell.net\/index.php?rest_route=%2Fwp%2Fv2%2Fcomments&post=641"}],"version-history":[{"count":10,"href":"https:\/\/www.schuetzenverein-mariazell.net\/index.php?rest_route=\/wp\/v2\/pages\/641\/revisions"}],"predecessor-version":[{"id":1073,"href":"https:\/\/www.schuetzenverein-mariazell.net\/index.php?rest_route=\/wp\/v2\/pages\/641\/revisions\/1073"}],"wp:attachment":[{"href":"https:\/\/www.schuetzenverein-mariazell.net\/index.php?rest_route=%2Fwp%2Fv2%2Fmedia&parent=641"}],"curies":[{"name":"wp","href":"https:\/\/api.w.org\/{rel}","templated":true}]}}